{"id":136,"date":"2021-04-30T12:35:43","date_gmt":"2021-04-30T10:35:43","guid":{"rendered":"https:\/\/chicioreanu.ro\/?page_id=136"},"modified":"2025-01-21T01:33:51","modified_gmt":"2025-01-20T23:33:51","slug":"genial","status":"publish","type":"page","link":"https:\/\/chicioreanu.ro\/index.php\/genial\/","title":{"rendered":"Genial program &#8211; decide con\u0219tient pentru viitorul t\u0103u!"},"content":{"rendered":"\n<h4 class=\"wp-block-heading\"><em>Un program personalizat pentru fiecare<\/em> care te ajut\u0103 s\u0103:<\/h4>\n\n\n\n<ul class=\"wp-block-list\">\n<li>Descoperi adev\u0103rata voca\u021bie \u0219i s\u0103 alegi \u200bcariera potrivit\u0103 pentru tine<\/li>\n\n\n\n<li>\u00ce\u021bi eviden\u021biezi punctele for\u021be \u0219i abilit\u0103\u021bile care faciliteaz\u0103 dezvoltarea carierei profesionale<\/li>\n\n\n\n<li>Faci o schimbare de carier\u0103 sau dac\u0103 dore\u0219ti s\u0103 te cuno\u0219ti mai bine<\/li>\n\n\n\n<li>\u00ce\u021bi pui \u00een compatibilitate aspira\u021biile, activit\u0103\u021bile \u0219i talentele tale cu alegerile de carier\u0103 \u0219i oportunit\u0103\u021bile educa\u021bionale care \u021bi se potrivesc cel mai bine<\/li>\n\n\n\n<li>Iei decizii eficiente \u00een privin\u021ba traiectoriei tale educa\u021bionale \u0219i profesionale \u0219i atunci po\u021bi \u00eencepe cu:\n<ul class=\"wp-block-list\">\n<li><em>Primul pas: cunoa\u0219terea \u0219i evaluarea propriei persoane<\/em><\/li>\n\n\n\n<li><em>Faci pasul doi: \u00ee\u021bi stabile\u0219ti un plan de carier\u0103<\/em><\/li>\n\n\n\n<li><em>Urmezi cu pasul trei: pui \u00een aplicare ceea ce ai decis \u0219i ai ales ca traseu educa\u021bional \u0219i\/sau profesional<\/em><\/li>\n<\/ul>\n<\/li>\n<\/ul>\n\n\n\n<p><strong>Programul este pentru tine dac\u0103:<\/strong><\/p>\n\n\n\n<ul class=\"wp-block-list\">\n<li>Ai nevoie de o schimbare profesional\u0103, dar nu \u0219tii \u00een ce direc\u021bie vrei s\u0103 mergi<\/li>\n\n\n\n<li>Ai nevoie de o activitate nou\u0103, dar nu \u0219tii ce job \u021bi se potrive\u0219te cel mai bine<\/li>\n\n\n\n<li>Vrei s\u0103 avansezi \u00een aceea\u0219i companie sau \u00eentr-o alt\u0103 companie<\/li>\n\n\n\n<li>Vrei s\u0103 lucrezi ca antreprenor sau freelancer<\/li>\n<\/ul>\n\n\n\n<p><strong>Vei afla aspecte importante despre tine cu referire la:<\/strong><\/p>\n\n\n\n<ul class=\"wp-block-list\">\n<li>Descoperirea \u0219i con\u0219tientizarea propriilor tr\u0103s\u0103turi comportamentale \u0219i abilit\u0103\u021bi&nbsp;<\/li>\n\n\n\n<li>Investigarea diverselor domenii ocupa\u021bionale<\/li>\n\n\n\n<li>Propriul poten\u021bial cognitiv din perspectiva abilit\u0103\u021bilor verbale, numerice si logice<\/li>\n\n\n\n<li>Analizarea intereselor \u0219i preferin\u021belor voca\u021bionale<\/li>\n\n\n\n<li>Planificarea ac\u021biunilor \u0219i stabilirea obiectivelor<\/li>\n\n\n\n<li>Ajutorul speciali\u0219tilor \u00een consiliere \u0219i orientare \u00een carier\u0103<\/li>\n<\/ul>\n\n\n\n<p><strong>GENIAL \u00ce\u0162I SPUNE CE \u021aI SE POTRIVE\u0218TE!<\/strong><\/p>\n\n\n\n<p>Prin acest program, <strong>GENIAL<\/strong>, \u00ee\u021bi vom oferi posibilitatea s\u0103 identifici op\u021biunile de carier\u0103&nbsp;\u0219i&nbsp;educa\u021bie corespunz\u0103toare propriilor&nbsp;tr\u0103s\u0103turi comportamentale, stil de g\u00e2ndire&nbsp;\u0219i&nbsp;interese ocupa\u021bionale.<\/p>\n\n\n\n<p class=\"has-text-align-left\"><strong>\u00ce\u021aI OFER O EVALUARE CE TE AJUT\u0102 SA&nbsp;\u00ce\u021aI&nbsp;DESCOPERI ABILIT\u0102\u021aILE&nbsp;\u015eI APTITUDINILE PENTRU ALEGEREA CARIEREI IDEALE<\/strong><\/p>\n\n\n\n<p>Programul <strong>GENIAL<\/strong> este dezvoltat&nbsp;de o echip\u0103 de psihologi activi \u00een domeniul psihologiei muncii, industriale \u0219i&nbsp;organiza\u021bionale, exper\u021bi \u00een psihometrie, consilieri \u00een carier\u0103 \u0219i se bazeaz\u0103 pe o metodologie \u0219tiin\u021bific\u0103 riguroas\u0103 \u0219i tehnologie de ultim\u0103 genera\u021bie.<\/p>\n\n\n\n<p>Evaluarea \u0219i comunicarea sunt dezvoltate continuu pentru a \u00eembun\u0103t\u0103\u021bi exactitatea \u0219i eficacitatea acestora, precum \u0219i pentru a oferi utilizatorilor o experien\u021b\u0103 perfect\u0103.<\/p>\n\n\n\n<p>Autocunoa\u0219terea este primul pas \u00een alegerea unei profesii \u015fi cariere potrivite cu interesele, aptitudinile \u015fi tr\u0103s\u0103turile tale de personalitate. Acest program unic \u0219i GENIAL de managementul carierei te va ajuta s\u0103 te hot\u0103r\u0103\u0219ti sau s\u0103 \u00ee\u021bi alegi ceea ce \u021bi se potrive\u0219te, at\u00e2t pe plan profesional, c\u00e2t \u015fi pe plan educa\u021bional, prin indicarea \u00een procente a gradului de compatibilitate cu cele peste 500 dintre meseriile prezente \u00een rapoartele de evaluare.<\/p>\n\n\n\n<p><strong>SUN\u0102 ACUM <\/strong>sau <strong>TRIMITE <\/strong>un<strong> E-MAIL <\/strong>pentru a intra \u00een legatur\u0103 cu mine! <\/p>\n\n\n\n<p><sub>Planificarea \u0219edin\u021belor se face numai \u00een baza unei discu\u021bii \u00een prealabil cu consilierul, \u00een func\u021bie de programul ambelor p\u0103r\u021bi.<\/sub><\/p>\n\n\n\n<figure class=\"wp-block-image size-large\"><img loading=\"lazy\" decoding=\"async\" width=\"591\" height=\"186\" src=\"https:\/\/chicioreanu.ro\/wp-content\/uploads\/2021\/06\/Logo_Genial_Program.png\" alt=\"\" class=\"wp-image-203\" srcset=\"https:\/\/chicioreanu.ro\/wp-content\/uploads\/2021\/06\/Logo_Genial_Program.png 591w, https:\/\/chicioreanu.ro\/wp-content\/uploads\/2021\/06\/Logo_Genial_Program-300x94.png 300w\" sizes=\"auto, (max-width: 591px) 100vw, 591px\" \/><\/figure>\n\n\n\n<h2 class=\"wp-block-heading has-text-align-center\"><strong><span style=\"color:#553466\" class=\"has-inline-color\">Decide con\u0219tient pentru viitorul t\u0103u!<\/span><\/strong><\/h2>\n\n\n\n<div class=\"wp-block-group\"><div class=\"wp-block-group__inner-container is-layout-flow wp-block-group-is-layout-flow\">\n<div class=\"wp-block-columns is-layout-flex wp-container-core-columns-is-layout-9d6595d7 wp-block-columns-is-layout-flex\">\n<div class=\"wp-block-column is-layout-flow wp-block-column-is-layout-flow\" style=\"flex-basis:100%\">\n<div class=\"wp-block-group\"><div class=\"wp-block-group__inner-container is-layout-flow wp-block-group-is-layout-flow\">\n<figure class=\"wp-block-table\"><table><tbody><tr><td class=\"has-text-align-center\" data-align=\"center\"><img decoding=\"async\" src=\"https:\/\/chicioreanu.ro\/wp-content\/uploads\/2021\/06\/Buton_PachetGold-200x200-1.jpg\" alt=\"\"><\/td><td class=\"has-text-align-center\" data-align=\"center\"><img decoding=\"async\" src=\"https:\/\/chicioreanu.ro\/wp-content\/uploads\/2021\/06\/Buton_PachetPlatinum-200x200-1.jpg\" alt=\"\"><\/td><td class=\"has-text-align-center\" data-align=\"center\"><img decoding=\"async\" src=\"https:\/\/chicioreanu.ro\/wp-content\/uploads\/2021\/06\/Buton_PachetSilver-200x200-1.jpg\" alt=\"\"><\/td><\/tr><\/tbody><\/table><\/figure>\n<\/div><\/div>\n<\/div>\n<\/div>\n\n\n\n<figure class=\"wp-block-table is-style-stripes\"><table><tbody><tr><td class=\"has-text-align-center\" data-align=\"center\">Pachetul GOLG<br><\/td><td class=\"has-text-align-center\" data-align=\"center\"><strong>Pachetul PLATINUM<\/strong><br><strong><em><span class=\"has-inline-color has-vivid-red-color\">RECOMANDAT<\/span><\/em><\/strong><\/td><td class=\"has-text-align-center\" data-align=\"center\">Pachetul SILVER<br><\/td><\/tr><tr><td class=\"has-text-align-center\" data-align=\"center\">Evaluare prin chestionar:<br>&#8211; Interese ocupa\u021bionale<br>&#8211; Personalitate<br>+ 120 minute \u00een 2 \u0219edin\u021be personalizate ce cuprind:<br>&#8211; Interpretare chestionare despre:<br>&#8211; Raportul de Interese Ocupa\u021bionale<br>&#8211; Raportul Evaluare a Personalit\u0103\u021bii \u0219i a Aptitudinilor<br><strong>+ Identificarea nevoii de consiliere<br>+ Realizare plan de carier\u0103<\/strong> <strong>(obiective \u0219i plan de ac\u021biune)<\/strong><br><br><br><br><\/td><td class=\"has-text-align-center\" data-align=\"center\">Evaluare prin chestionar:<br>&#8211; Interese ocupa\u021bionale<br>&#8211; Personalitate<br>+ 240 minute \u00een 4 \u0219edin\u021be personalizate ce cuprind:<br>&#8211; Interpretare chestionare despre:<br>&#8211; Raportul de Interese Ocupa\u021bionale<br>&#8211; Raportul Evaluare a Personalit\u0103\u021bii \u0219i a Aptitudinilor<br>&#8211; Identificarea nevoii de consiliere<br>&#8211; Realizare plan de carier\u0103 (obiective \u0219i plan de ac\u021biune)<br><strong>+ Evaluare rezultate<br>+ Follow-up (suport \u0219i \u00eendrumare)<\/strong><br><strong>+ Realizare CV<br>+ Redactare scrisoare de inten\u021bie<\/strong><\/td><td class=\"has-text-align-center\" data-align=\"center\">Evaluare prin chestionar:<br>&#8211; Interese ocupa\u021bionale<br>&#8211; Personalitate<br>+ 60 minute \u00een o \u0219edin\u021b\u0103 personalizat\u0103 ce cuprinde:<br>&#8211; Discu\u021bii succinte chestionare:<br>&#8211; Raportul de Interese Ocupa\u021bionale<br>&#8211; Raportul Evaluare a Personalit\u0103\u021bii \u0219i a Aptitudinilor<br><br><br><br><br><br><br><br><br><\/td><\/tr><tr><td class=\"has-text-align-center\" data-align=\"center\">195<s>0 lei<\/s><br>1250 lei<\/td><td class=\"has-text-align-center\" data-align=\"center\"><s>3750 lei<\/s><br>2450 lei<\/td><td class=\"has-text-align-center\" data-align=\"center\"><s>1300 lei<\/s><br>950 lei<\/td><\/tr><tr><td class=\"has-text-align-center\" data-align=\"center\">IMPORTANT<br><\/td><td class=\"has-text-align-center\" data-align=\"center\"><strong>GENIAL<\/strong><br><strong><em><span class=\"has-inline-color has-vivid-red-color\">RECOMANDAT<\/span><\/em><\/strong><\/td><td class=\"has-text-align-center\" data-align=\"center\">RAPID<br><\/td><\/tr><tr><td class=\"has-text-align-center\" data-align=\"center\"><a rel=\"noreferrer noopener\" href=\"https:\/\/mpy.ro\/1uqhb9bx\" target=\"_blank\"><img decoding=\"async\" src=\"https:\/\/chicioreanu.ro\/wp-content\/uploads\/2021\/06\/cumpara-acum.png\" alt=\"\"><\/a><\/td><td class=\"has-text-align-center\" data-align=\"center\"><a rel=\"noreferrer noopener\" href=\"https:\/\/mpy.ro\/1uqhbabx\" target=\"_blank\"><img decoding=\"async\" src=\"https:\/\/chicioreanu.ro\/wp-content\/uploads\/2021\/06\/cumpara-acum.png\" alt=\"\"><\/a><\/td><td class=\"has-text-align-center\" data-align=\"center\"><kbd><a rel=\"noreferrer noopener\" href=\"https:\/\/mpy.ro\/1uqhb8bx\" target=\"_blank\"><img decoding=\"async\" src=\"https:\/\/chicioreanu.ro\/wp-content\/uploads\/2021\/06\/cumpara-acum.png\" alt=\"\"><\/a><\/kbd><\/td><\/tr><\/tbody><\/table><\/figure>\n\n\n\n<figure class=\"wp-block-image size-large\"><img loading=\"lazy\" decoding=\"async\" width=\"818\" height=\"238\" src=\"https:\/\/chicioreanu.ro\/wp-content\/uploads\/2021\/06\/banner_GenialProgram_siteCM2021.png\" alt=\"\" class=\"wp-image-221\" srcset=\"https:\/\/chicioreanu.ro\/wp-content\/uploads\/2021\/06\/banner_GenialProgram_siteCM2021.png 818w, https:\/\/chicioreanu.ro\/wp-content\/uploads\/2021\/06\/banner_GenialProgram_siteCM2021-300x87.png 300w, https:\/\/chicioreanu.ro\/wp-content\/uploads\/2021\/06\/banner_GenialProgram_siteCM2021-768x223.png 768w\" sizes=\"auto, (max-width: 767px) 89vw, (max-width: 1000px) 54vw, (max-width: 1071px) 543px, 580px\" \/><\/figure>\n<\/div><\/div>\n\n\n\n<p><\/p>\n","protected":false},"excerpt":{"rendered":"<p>Un program personalizat pentru fiecare care te ajut\u0103 s\u0103: Programul este pentru tine dac\u0103: Vei afla aspecte importante despre tine cu referire la: GENIAL \u00ce\u0162I SPUNE CE \u021aI SE POTRIVE\u0218TE! Prin acest program, GENIAL, \u00ee\u021bi vom oferi posibilitatea s\u0103 identifici op\u021biunile de carier\u0103&nbsp;\u0219i&nbsp;educa\u021bie corespunz\u0103toare propriilor&nbsp;tr\u0103s\u0103turi comportamentale, stil de g\u00e2ndire&nbsp;\u0219i&nbsp;interese ocupa\u021bionale. \u00ce\u021aI OFER O EVALUARE CE &hellip; <\/p>\n<p class=\"link-more\"><a href=\"https:\/\/chicioreanu.ro\/index.php\/genial\/\" class=\"more-link\">Continu\u0103 lectura<span class=\"screen-reader-text\"> \u201eGenial program &#8211; decide con\u0219tient pentru viitorul t\u0103u!\u201d<\/span><\/a><\/p>\n","protected":false},"author":1,"featured_media":359,"parent":0,"menu_order":0,"comment_status":"closed","ping_status":"closed","template":"","meta":{"footnotes":""},"class_list":["post-136","page","type-page","status-publish","has-post-thumbnail","hentry"],"_links":{"self":[{"href":"https:\/\/chicioreanu.ro\/index.php\/wp-json\/wp\/v2\/pages\/136","targetHints":{"allow":["GET"]}}],"collection":[{"href":"https:\/\/chicioreanu.ro\/index.php\/wp-json\/wp\/v2\/pages"}],"about":[{"href":"https:\/\/chicioreanu.ro\/index.php\/wp-json\/wp\/v2\/types\/page"}],"author":[{"embeddable":true,"href":"https:\/\/chicioreanu.ro\/index.php\/wp-json\/wp\/v2\/users\/1"}],"replies":[{"embeddable":true,"href":"https:\/\/chicioreanu.ro\/index.php\/wp-json\/wp\/v2\/comments?post=136"}],"version-history":[{"count":81,"href":"https:\/\/chicioreanu.ro\/index.php\/wp-json\/wp\/v2\/pages\/136\/revisions"}],"predecessor-version":[{"id":360,"href":"https:\/\/chicioreanu.ro\/index.php\/wp-json\/wp\/v2\/pages\/136\/revisions\/360"}],"wp:featuredmedia":[{"embeddable":true,"href":"https:\/\/chicioreanu.ro\/index.php\/wp-json\/wp\/v2\/media\/359"}],"wp:attachment":[{"href":"https:\/\/chicioreanu.ro\/index.php\/wp-json\/wp\/v2\/media?parent=136"}],"curies":[{"name":"wp","href":"https:\/\/api.w.org\/{rel}","templated":true}]}}