{"id":14,"date":"2021-04-26T13:45:54","date_gmt":"2021-04-26T11:45:54","guid":{"rendered":"https:\/\/chicioreanu.ro\/?page_id=14"},"modified":"2026-03-26T16:30:56","modified_gmt":"2026-03-26T14:30:56","slug":"home","status":"publish","type":"page","link":"https:\/\/chicioreanu.ro\/","title":{"rendered":"Mesaj de bun venit!"},"content":{"rendered":"\n<p><strong>Viitorul apar\u021bine celor care v\u0103d posibilit\u0103\u021bile de ast\u0103zi!<\/strong>  <\/p>\n\n\n\n<p>Beneficiezi de un program de mentorat \u0219i coaching creat special pentru fiecare persoan\u0103, care \u0163ine cont de preferin\u0163ele \u015fi interesele tale.<\/p>\n\n\n\n<p>Comunicarea constant\u0103 cu mentorul \u0219i coach-ul este cheia succesului \u00een orice program de dezvoltare personal\u0103 sau profesional\u0103. Aceasta nu doar c\u0103 asigur\u0103 un progres continuu, dar \u0219i creeaz\u0103 un cadru de sprijin \u0219i motiva\u021bie. Iat\u0103 c\u00e2teva moduri practice de a men\u021bine aceast\u0103 comunicare:<\/p>\n\n\n\n<ol class=\"wp-block-list\">\n<li><em>\u00cent\u00e2lniri Regulate<\/em>: Stabile\u0219te sesiuni s\u0103pt\u0103m\u00e2nale sau bilunare de feedback \u0219i discu\u021bii. Aceste \u00eent\u00e2lniri permit evaluarea progresului, ajustarea obiectivelor \u0219i identificarea provoc\u0103rilor.<\/li>\n\n\n\n<li><em>Actualiz\u0103ri prin E-mail<\/em>: Trimiterea unor actualiz\u0103ri periodice prin e-mail despre realiz\u0103ri, dificult\u0103\u021bi \u0219i planuri viitoare. Acestea pot include rapoarte detaliate sau doar c\u00e2teva r\u00e2nduri despre aspectele esen\u021biale.<\/li>\n\n\n\n<li><em>Mesaje Instantanee<\/em>: Utilizarea aplica\u021biilor de mesagerie pentru \u00eentreb\u0103ri rapide sau actualiz\u0103ri urgente. Aceste mesaje pot men\u021bine o leg\u0103tur\u0103 str\u00e2ns\u0103 \u0219i pot oferi r\u0103spunsuri rapide \u00een momentele critice.<\/li>\n\n\n\n<li><em>Discutarea Obiectivelor<\/em>: Sesiuni de stabilire \u0219i revizuire a obiectivelor \u00een mod deschis \u0219i sincer. Discutarea realiz\u0103rilor \u0219i a provoc\u0103rilor ajut\u0103 la men\u021binerea direc\u021biei \u0219i motiva\u021biei.<\/li>\n\n\n\n<li><em>Jurnal de Progres<\/em>: \u00centocmirea unui jurnal de progres care s\u0103 fie \u00eemp\u0103rt\u0103\u0219it cu mentorul sau coach-ul. Acesta poate include reflec\u021bii personale, realiz\u0103ri \u0219i aspecte de \u00eembun\u0103t\u0103\u021bit.<\/li>\n\n\n\n<li><em>Feedback Deschis<\/em>: \u00cencurajarea unui feedback deschis \u0219i constructiv. Acesta ajut\u0103 la identificarea punctelor forte \u0219i a celor de \u00eembun\u0103t\u0103\u021bit, oferind astfel oportunit\u0103\u021bi de cre\u0219tere.<\/li>\n<\/ol>\n\n\n\n<p>Men\u021binerea unei comunic\u0103ri deschise \u0219i constante cu mentorul \u0219i coach-ul contribuie la un parcurs mai clar \u0219i mai eficient c\u0103tre atingerea obiectivelor personale \u0219i profesionale.<\/p>\n","protected":false},"excerpt":{"rendered":"<p>Viitorul apar\u021bine celor care v\u0103d posibilit\u0103\u021bile de ast\u0103zi! Beneficiezi de un program de mentorat \u0219i coaching creat special pentru fiecare persoan\u0103, care \u0163ine cont de preferin\u0163ele \u015fi interesele tale. Comunicarea constant\u0103 cu mentorul \u0219i coach-ul este cheia succesului \u00een orice program de dezvoltare personal\u0103 sau profesional\u0103. Aceasta nu doar c\u0103 asigur\u0103 un progres continuu, dar &hellip; <\/p>\n<p class=\"link-more\"><a href=\"https:\/\/chicioreanu.ro\/\" class=\"more-link\">Continu\u0103 lectura<span class=\"screen-reader-text\"> \u201eMesaj de bun venit!\u201d<\/span><\/a><\/p>\n","protected":false},"author":1,"featured_media":0,"parent":0,"menu_order":0,"comment_status":"closed","ping_status":"closed","template":"","meta":{"footnotes":""},"class_list":["post-14","page","type-page","status-publish","hentry"],"_links":{"self":[{"href":"https:\/\/chicioreanu.ro\/index.php\/wp-json\/wp\/v2\/pages\/14","targetHints":{"allow":["GET"]}}],"collection":[{"href":"https:\/\/chicioreanu.ro\/index.php\/wp-json\/wp\/v2\/pages"}],"about":[{"href":"https:\/\/chicioreanu.ro\/index.php\/wp-json\/wp\/v2\/types\/page"}],"author":[{"embeddable":true,"href":"https:\/\/chicioreanu.ro\/index.php\/wp-json\/wp\/v2\/users\/1"}],"replies":[{"embeddable":true,"href":"https:\/\/chicioreanu.ro\/index.php\/wp-json\/wp\/v2\/comments?post=14"}],"version-history":[{"count":6,"href":"https:\/\/chicioreanu.ro\/index.php\/wp-json\/wp\/v2\/pages\/14\/revisions"}],"predecessor-version":[{"id":389,"href":"https:\/\/chicioreanu.ro\/index.php\/wp-json\/wp\/v2\/pages\/14\/revisions\/389"}],"wp:attachment":[{"href":"https:\/\/chicioreanu.ro\/index.php\/wp-json\/wp\/v2\/media?parent=14"}],"curies":[{"name":"wp","href":"https:\/\/api.w.org\/{rel}","templated":true}]}}