{"id":2,"date":"2021-04-26T11:10:22","date_gmt":"2021-04-26T09:10:22","guid":{"rendered":"http:\/\/chicioreanu.ro\/?page_id=2"},"modified":"2024-02-04T20:01:09","modified_gmt":"2024-02-04T18:01:09","slug":"evenimente-recomandate","status":"publish","type":"page","link":"https:\/\/chicioreanu.ro\/index.php\/evenimente-recomandate\/","title":{"rendered":"Evenimente recomandate"},"content":{"rendered":"\n<p class=\"has-medium-font-size\"><strong>4CAREER<\/strong> &#8211; dezvoltarea carierei profesionale:<\/p>\n\n\n\n<blockquote class=\"wp-block-quote is-layout-flow wp-block-quote-is-layout-flow\">\n<p>HR Talk<\/p>\n\n\n\n<p>MY LIFE, MY STORY &#8211; O poveste despre om, via\u021b\u0103, pasiuni \u0219i succes<\/p>\n\n\n\n<p>Cariera ta \u00een HR<\/p>\n\n\n\n<p>Puterea succesului t\u0103u!<\/p>\n\n\n\n<p>Cheia c\u0103tre succesul \u00een carier\u0103<\/p>\n\n\n\n<p>Career Motivation &#8211; Motiva\u021bia te pune \u00een mi\u0219care!<\/p>\n<\/blockquote>\n\n\n\n<p class=\"has-medium-font-size\"><strong>LEARN<\/strong>&amp;GO &#8211; dezvoltarea abilit\u0103\u021bilor \u0219i competen\u021belor personale \u0219i profesionale:<\/p>\n\n\n\n<blockquote class=\"wp-block-quote is-layout-flow wp-block-quote-is-layout-flow\">\n<p>Cuvintele trupului<\/p>\n\n\n\n<p>Legea timpului<\/p>\n\n\n\n<p>Puterea subcon\u0219tientului<\/p>\n\n\n\n<p>Cursuri MS Office: Excel, Word, PowerPoint<\/p>\n\n\n\n<p>Curs intensiv de Face Reading<\/p>\n\n\n\n<p><\/p>\n<\/blockquote>\n\n\n\n<p>Alege ceea ce este potrivit pentru tine. Have fun!<\/p>\n","protected":false},"excerpt":{"rendered":"<p>4CAREER &#8211; dezvoltarea carierei profesionale: HR Talk MY LIFE, MY STORY &#8211; O poveste despre om, via\u021b\u0103, pasiuni \u0219i succes Cariera ta \u00een HR Puterea succesului t\u0103u! Cheia c\u0103tre succesul \u00een carier\u0103 Career Motivation &#8211; Motiva\u021bia te pune \u00een mi\u0219care! LEARN&amp;GO &#8211; dezvoltarea abilit\u0103\u021bilor \u0219i competen\u021belor personale \u0219i profesionale: Cuvintele trupului Legea timpului Puterea subcon\u0219tientului &hellip; <\/p>\n<p class=\"link-more\"><a href=\"https:\/\/chicioreanu.ro\/index.php\/evenimente-recomandate\/\" class=\"more-link\">Continu\u0103 lectura<span class=\"screen-reader-text\"> \u201eEvenimente recomandate\u201d<\/span><\/a><\/p>\n","protected":false},"author":1,"featured_media":317,"parent":0,"menu_order":0,"comment_status":"closed","ping_status":"closed","template":"","meta":{"footnotes":""},"class_list":["post-2","page","type-page","status-publish","has-post-thumbnail","hentry"],"_links":{"self":[{"href":"https:\/\/chicioreanu.ro\/index.php\/wp-json\/wp\/v2\/pages\/2","targetHints":{"allow":["GET"]}}],"collection":[{"href":"https:\/\/chicioreanu.ro\/index.php\/wp-json\/wp\/v2\/pages"}],"about":[{"href":"https:\/\/chicioreanu.ro\/index.php\/wp-json\/wp\/v2\/types\/page"}],"author":[{"embeddable":true,"href":"https:\/\/chicioreanu.ro\/index.php\/wp-json\/wp\/v2\/users\/1"}],"replies":[{"embeddable":true,"href":"https:\/\/chicioreanu.ro\/index.php\/wp-json\/wp\/v2\/comments?post=2"}],"version-history":[{"count":11,"href":"https:\/\/chicioreanu.ro\/index.php\/wp-json\/wp\/v2\/pages\/2\/revisions"}],"predecessor-version":[{"id":324,"href":"https:\/\/chicioreanu.ro\/index.php\/wp-json\/wp\/v2\/pages\/2\/revisions\/324"}],"wp:featuredmedia":[{"embeddable":true,"href":"https:\/\/chicioreanu.ro\/index.php\/wp-json\/wp\/v2\/media\/317"}],"wp:attachment":[{"href":"https:\/\/chicioreanu.ro\/index.php\/wp-json\/wp\/v2\/media?parent=2"}],"curies":[{"name":"wp","href":"https:\/\/api.w.org\/{rel}","templated":true}]}}