{"id":390,"date":"2026-04-01T10:11:57","date_gmt":"2026-04-01T08:11:57","guid":{"rendered":"https:\/\/chicioreanu.ro\/?page_id=390"},"modified":"2026-04-01T15:29:30","modified_gmt":"2026-04-01T13:29:30","slug":"anti-aging-experience","status":"publish","type":"page","link":"https:\/\/chicioreanu.ro\/index.php\/anti-aging-experience\/","title":{"rendered":"Anti Aging Experience"},"content":{"rendered":"\n<h2 class=\"wp-block-heading\">Dou\u0103 zile pentru o via\u021b\u0103 mai lung\u0103 \u0219i mai bun\u0103<\/h2>\n\n\n\n<figure class=\"wp-block-image size-large\"><img loading=\"lazy\" decoding=\"async\" width=\"1024\" height=\"683\" src=\"https:\/\/chicioreanu.ro\/wp-content\/uploads\/2026\/04\/ChatGPT-Image-1-apr.-2026-14_12_53-1024x683.png\" alt=\"\" class=\"wp-image-407\" srcset=\"https:\/\/chicioreanu.ro\/wp-content\/uploads\/2026\/04\/ChatGPT-Image-1-apr.-2026-14_12_53-1024x683.png 1024w, https:\/\/chicioreanu.ro\/wp-content\/uploads\/2026\/04\/ChatGPT-Image-1-apr.-2026-14_12_53-300x200.png 300w, https:\/\/chicioreanu.ro\/wp-content\/uploads\/2026\/04\/ChatGPT-Image-1-apr.-2026-14_12_53-768x512.png 768w, https:\/\/chicioreanu.ro\/wp-content\/uploads\/2026\/04\/ChatGPT-Image-1-apr.-2026-14_12_53.png 1536w\" sizes=\"auto, (max-width: 767px) 89vw, (max-width: 1000px) 54vw, (max-width: 1071px) 543px, 580px\" \/><\/figure>\n\n\n<ul>\n<li>Nu e despre ani. E despre cum \u00eei tr\u0103ie\u0219ti.<\/li>\n<li>Ai grij\u0103 de tine azi, ca s\u0103-\u021bi mul\u021bume\u0219ti m\u00e2ine.<\/li>\n<li>Fiecare zi poate fi \u00eenceputul unei s\u0103n\u0103t\u0103\u021bi mai bune.<\/li>\n<li>Tr\u0103ie\u0219te con\u0219tient. \u00cemb\u0103tr\u00e2ne\u0219te frumos.<\/li>\n<li>Corpul t\u0103u \u00ee\u021bi spune povestea. Scrie una mai bun\u0103.<\/li>\n<\/ul>\n<p>Tot citim astfel de sloganuri \u0219i nedorim cu to\u021bii o biata altfel, poate fa\u021b\u0103 de cea pe care o avem acum, o via\u021b\u0103 \u00een care s\u0103n\u0103tatea s\u0103 fie cu noi \u00een fiecare zi, referindu-ne aici at\u00e2t la s\u0103n\u0103tatea fizic\u0103, dar \u0219i la cea mental\u0103, spiritual\u0103, social\u0103 \u0219i a\u0219a mai departe.<\/p>\n<p>Dar, ce putem face pentru toate acestea? Am putea vorbi oare despre \u201dSECRETUL LONGEVIT\u0102\u021aII &amp; AL TINERE\u021aII \u00ceNDELUNGATE\u201d?<br \/>R\u0103spunsul meu simplu \u0219i la obiect: DA!<\/p>\n<p>Ce este Anti Aging Experience?<\/p>\n<p><strong data-start=\"738\" data-end=\"763\">Anti Aging Experience<\/strong> este mai mult dec\u00e2t un eveniment \u2014 este o experien\u021b\u0103 complet\u0103, structurat\u0103 \u00een dou\u0103 zile, care \u00ee\u021bi ofer\u0103 claritate, solu\u021bii \u0219i direc\u021bie pentru o via\u021b\u0103 mai lung\u0103 \u0219i mai s\u0103n\u0103toas\u0103.<\/p>\n<p data-start=\"420\" data-end=\"531\">Un eveniment exclusiv de 2 zile, construit pentru cei care vor mai mult dec\u00e2t informa\u021bie \u2014 vor rezultate reale.<\/p>\n<p data-start=\"533\" data-end=\"661\">Combin\u0103m \u0219tiin\u021ba longevit\u0103\u021bii, experien\u021ba speciali\u0219tilor \u0219i practica direct\u0103 pentru a-\u021bi oferi un cadru complet de transformare.<\/p>\n<p data-start=\"533\" data-end=\"661\"><strong><em>Anti Aging Experience <\/em><\/strong><em>este un eveniment premium dedicat celor care vor s\u0103-\u0219i \u00eembun\u0103t\u0103\u021beasc\u0103 via\u021ba pe termen lung \u2014 nu prin promisiuni, ci prin solu\u021bii reale.<\/em><\/p>\n<p data-start=\"533\" data-end=\"661\">\ud83d\udcc5 Ziua 1 \u2013 <strong>Anti Aging Lifestyle<\/strong><\/p>\n<p data-start=\"706\" data-end=\"734\">\ud83c\udf3f Hotel Nice Riviera, 45-47 Rue pastorelli, Nice<\/p>\n<p data-start=\"706\" data-end=\"734\">\ud83d\udd52 08:40 \u2013 14:00 | \u00cen sal\u0103<\/p>\n<ul data-start=\"736\" data-end=\"912\">\n<li data-section-id=\"von6ik\" data-start=\"736\" data-end=\"772\">Longevitate explicat\u0103 \u0219tiin\u021bific<\/li>\n<li data-section-id=\"t66qvq\" data-start=\"773\" data-end=\"804\">Nutri\u021bie pentru via\u021b\u0103 lung\u0103<\/li>\n<li data-section-id=\"16qbt4x\" data-start=\"805\" data-end=\"833\">Stil de via\u021b\u0103 sustenabil<\/li>\n<li data-section-id=\"1rb35ls\" data-start=\"834\" data-end=\"880\">Tehnologii moderne (skincare &amp; rejuvenare)<\/li>\n<li data-section-id=\"1wqcytb\" data-start=\"881\" data-end=\"912\">Q&amp;A direct cu 6 speciali\u0219ti<\/li>\n<\/ul>\n<p data-start=\"1395\" data-end=\"1458\"><strong>Aceast\u0103 zi \u00ee\u021bi ofer\u0103 funda\u021bia \u2014 informa\u021bia corect\u0103, validat\u0103, dar \u0219i experimentat\u0103.<\/strong><\/p>\n<p>\ud83d\udcc5 Ziua 2 \u2013 <strong>Anti Aging Moving<\/strong><\/p>\n<p data-start=\"954\" data-end=\"978\">\ud83c\udf3f Place Massena, Nice (\u00een aer liber &#8211; \u00een func\u021bie de vrema atmosferic\u0103 se poate reprograma)<\/p>\n<p data-start=\"980\" data-end=\"1017\">\ud83d\udd59 10:00 \u2013 12:00 sau \ud83d\udd53 16:00 \u2013 18:00<\/p>\n<ul data-start=\"1019\" data-end=\"1107\">\n<li data-section-id=\"dichl0\" data-start=\"1019\" data-end=\"1049\">Fitness pentru longevitate<\/li>\n<li data-section-id=\"4kf18q\" data-start=\"1050\" data-end=\"1074\">Yoga &amp; flexibilitate<\/li>\n<li data-section-id=\"13cfo41\" data-start=\"1075\" data-end=\"1107\">Medita\u021bie &amp; echilibru mental<\/li>\n<li data-section-id=\"13cfo41\" data-start=\"1075\" data-end=\"1107\">Dou\u0103 sesiuni dedicate mi\u0219c\u0103rii \u0219i reconect\u0103rii cu propriul corp<\/li>\n<\/ul>\n<p data-start=\"1847\" data-end=\"1918\"><strong>Aceast\u0103 zi \u00ee\u021bi ofer\u0103 integrarea \u2014 trecerea de la informa\u021bie la ac\u021biune.<\/strong><\/p>\n<h2 data-section-id=\"nzwjzf\" data-start=\"1925\" data-end=\"1961\">\u2728 Ce avantaje ob\u021bii particip\u00e2nd \u00een ambele zile:<\/h2>\n<p data-start=\"1963\" data-end=\"2469\">\u2714\ufe0f \u00cen\u021belegi concret cum \u00ee\u021bi po\u021bi prelungi via\u021ba s\u0103n\u0103toas\u0103, nu doar durata vie\u021bii<br data-start=\"2043\" data-end=\"2046\" \/>\u2714\ufe0f Prime\u0219ti strategii aplicabile imediat \u00een alimenta\u021bie \u0219i stil de via\u021b\u0103<br data-start=\"2118\" data-end=\"2121\" \/>\u2714\ufe0f Descoperi tehnologii moderne care sus\u021bin regenerarea \u0219i preven\u021bia<br data-start=\"2189\" data-end=\"2192\" \/>\u2714\ufe0f \u00cenve\u021bi cum s\u0103 reduci stresul \u0219i s\u0103-\u021bi echilibrezi corpul \u0219i mintea<br data-start=\"2261\" data-end=\"2264\" \/>\u2714\ufe0f \u00ce\u021bi creezi un plan personal simplu \u0219i realist pentru schimbare<br data-start=\"2329\" data-end=\"2332\" \/>\u2714\ufe0f Ai acces direct la speciali\u0219ti \u0219i r\u0103spunsuri personalizate<br data-start=\"2393\" data-end=\"2396\" \/>\u2714\ufe0f Te reconectezi cu energia ta prin mi\u0219care \u0219i experien\u021b\u0103 \u00een aer liber<\/p>\n<hr data-start=\"2471\" data-end=\"2474\" \/>\n<h2 data-section-id=\"ilr7qz\" data-start=\"2476\" data-end=\"2494\">\ud83c\udf9f\ufe0f Participare<\/h2>\n<p data-start=\"2496\" data-end=\"2507\">Po\u021bi alege:<\/p>\n<ul data-start=\"2508\" data-end=\"2643\">\n<li data-section-id=\"9vq5rt\" data-start=\"2508\" data-end=\"2563\">participare <strong data-start=\"2522\" data-end=\"2555\">individual\u0103 pentru fiecare zi<\/strong><br data-start=\"2555\" data-end=\"2558\" \/>sau<\/li>\n<li data-section-id=\"1el69n5\" data-start=\"2564\" data-end=\"2643\"><strong data-start=\"2566\" data-end=\"2603\">pachet complet pentru ambele zile<\/strong> (recomandat pentru experien\u021b\u0103 complet\u0103)<\/li>\n<\/ul>\n<hr data-start=\"2645\" data-end=\"2648\" \/>\n<h2 data-section-id=\"1khi4r1\" data-start=\"2650\" data-end=\"2692\">\ud83c\udfaf Beneficii speciale pentru comunitate<\/h2>\n<p data-start=\"2694\" data-end=\"2866\">Membrii comunit\u0103\u021bii <strong data-start=\"2714\" data-end=\"2724\">ROAZUR<\/strong> beneficiaz\u0103 de:<br data-start=\"2740\" data-end=\"2743\" \/>\ud83d\udd39 <strong data-start=\"2746\" data-end=\"2762\">50% reducere<\/strong> \u2013 pentru cei care \u0219i-au achitat cotiza\u021bia pe anul 2026 (discont valabil p\u00e2n\u0103 la data de 14 aprilie 2026, inclusiv)<br data-start=\"2817\" data-end=\"2820\" \/>\ud83d\udd39 <strong data-start=\"2823\" data-end=\"2839\">25% reducere<\/strong> \u2013 pentru ceilal\u021bi participan\u021bi (discont valabil p\u00e2n\u0103 la data de 14 aprilie 2026, inclusiv)<\/p>\n<hr data-start=\"2868\" data-end=\"2871\" \/>\n<h2 data-section-id=\"1hcm6fh\" data-start=\"2873\" data-end=\"2888\">\ud83d\udccc \u00censcriere &#8211; alege pachetul potrivit \u021bie<\/h2>\n<p data-start=\"2890\" data-end=\"2952\">\ud83d\udc49 Participare ca membru ROAZUR (cu cotiza\u021bia achitat\u0103 sau va fi achitat\u0103 p\u00e2n\u0103 la data de 17 aprilie) &#8211; <strong data-start=\"2746\" data-end=\"2762\">50% reducere este deja aplicat<\/strong><\/p>\n<p data-start=\"2890\" data-end=\"2952\"><a href=\"https:\/\/mpy.ro\/if60xjbx?language=ro\" target=\"_blank\" rel=\"noopener\">Ambele zile <\/a><a href=\"https:\/\/mpy.ro\/if60xjbx?language=ro\" target=\"_blank\" rel=\"noopener\">(18-19 aprilie) <\/a><a href=\"https:\/\/mpy.ro\/if60xjbx?language=ro\" target=\"_blank\" rel=\"noopener\">&#8211; 65,00 euro\/pers &#8211; Click AICI<\/a><\/p>\n<p data-start=\"2890\" data-end=\"2952\"><a href=\"https:\/\/mpy.ro\/if60xkbx?language=ro\" target=\"_blank\" rel=\"noopener\">Doar Ziua 1 <\/a><a href=\"https:\/\/mpy.ro\/if60xkbx?language=ro\" target=\"_blank\" rel=\"noopener\">(18 aprilie) <\/a><a href=\"https:\/\/mpy.ro\/if60xkbx?language=ro\" target=\"_blank\" rel=\"noopener\">&#8211; 50,00 euro\/pers &#8211; Click AICI<\/a><\/p>\n<p data-start=\"2890\" data-end=\"2952\"><a href=\"https:\/\/mpy.ro\/if60xmbx?language=ro\" target=\"_blank\" rel=\"noopener\">Doar Ziua 2 <\/a><a href=\"https:\/\/mpy.ro\/if60xmbx?language=ro\" target=\"_blank\" rel=\"noopener\">(19 aprilie)<\/a><a href=\"https:\/\/mpy.ro\/if60xmbx?language=ro\" target=\"_blank\" rel=\"noopener\"> &#8211; 15,00 euro\/pers &#8211; Click AICI<\/a><\/p>\n<p data-start=\"533\" data-end=\"661\">\ud83d\udc49 Participare f\u0103r\u0103 a fi membru ROAZUR (f\u0103r\u0103 cotiza\u021bia achitat\u0103) &#8211; <strong data-start=\"2746\" data-end=\"2762\">25% reducere este deja aplicat<\/strong><\/p>\n<p data-start=\"533\" data-end=\"661\"><a href=\"https:\/\/mpy.ro\/if60xnbx?language=ro\" target=\"_blank\" rel=\"noopener\">Ambele zile <\/a><a href=\"https:\/\/mpy.ro\/if60xnbx?language=ro\" target=\"_blank\" rel=\"noopener\">(18-19 aprilie) <\/a><a href=\"https:\/\/mpy.ro\/if60xnbx?language=ro\" target=\"_blank\" rel=\"noopener\">&#8211; 97,50 euro\/pers &#8211; Click AICI<\/a><\/p>\n<p data-start=\"533\" data-end=\"661\"><a href=\"https:\/\/mpy.ro\/if60xpbx?language=ro\" target=\"_blank\" rel=\"noopener\">Doar Ziua 1 <\/a><a href=\"https:\/\/mpy.ro\/if60xpbx?language=ro\" target=\"_blank\" rel=\"noopener\">(18 aprilie) <\/a><a href=\"https:\/\/mpy.ro\/if60xpbx?language=ro\" target=\"_blank\" rel=\"noopener\">&#8211; 75,00 euro\/pers &#8211; Click AICI<\/a><\/p>\n<p data-start=\"533\" data-end=\"661\"><a href=\"https:\/\/mpy.ro\/if60xqbx?language=ro\" target=\"_blank\" rel=\"noopener\">Doar Ziua 2 <\/a><a href=\"https:\/\/mpy.ro\/if60xqbx?language=ro\" target=\"_blank\" rel=\"noopener\">(19 aprilie) <\/a><a href=\"https:\/\/mpy.ro\/if60xqbx?language=ro\" target=\"_blank\" rel=\"noopener\">&#8211; 22,50 euro\/pers &#8211; Click AICI<\/a><\/p>\n<p>\ud83d\udc49 Participare f\u0103r\u0103 discount<\/p>\n<p data-start=\"533\" data-end=\"661\"><a href=\"https:\/\/mpy.ro\/if60xrbx?language=ro\" target=\"_blank\" rel=\"noopener\">Ambele zile <\/a><a href=\"https:\/\/mpy.ro\/if60xrbx?language=ro\" target=\"_blank\" rel=\"noopener\">(18-19 aprilie) <\/a><a href=\"https:\/\/mpy.ro\/if60xrbx?language=ro\" target=\"_blank\" rel=\"noopener\">&#8211; 130 euro\/pers &#8211; Click AICI<\/a><\/p>\n<p data-start=\"533\" data-end=\"661\"><a href=\"https:\/\/mpy.ro\/if60xsbx?language=ro\">Doar Ziua 1 <\/a><a href=\"https:\/\/mpy.ro\/if60xsbx?language=ro\">(18 aprilie) <\/a><a href=\"https:\/\/mpy.ro\/if60xsbx?language=ro\">&#8211; 100 euro\/pers &#8211; Click AICI<\/a><\/p>\n<p data-start=\"533\" data-end=\"661\"><a href=\"https:\/\/mpy.ro\/if60xtbx?language=ro\" target=\"_blank\" rel=\"noopener\">Doar Ziua 2 <\/a><a href=\"https:\/\/mpy.ro\/if60xtbx?language=ro\" target=\"_blank\" rel=\"noopener\">(19 aprilie) <\/a><a href=\"https:\/\/mpy.ro\/if60xtbx?language=ro\" target=\"_blank\" rel=\"noopener\">&#8211; 30 euro\/pers\/sesiune &#8211; Click AICI<\/a><\/p>\n<p data-start=\"1744\" data-end=\"1815\">\u2728 Anti Aging Experience \u2013 2 zile care \u00ee\u021bi pot schimba stilul de via\u021b\u0103<\/p>\n<h2 data-section-id=\"110kxvp\" data-start=\"3250\" data-end=\"3262\"><strong>BENEFICII CLARE PENTRU FIECARE<\/strong><\/h2>\n<ul data-start=\"3264\" data-end=\"3481\">\n<li data-section-id=\"6gxzkr\" data-start=\"3264\" data-end=\"3302\">\u00cenve\u021bi ce func\u021bioneaz\u0103 cu adev\u0103rat<\/li>\n<li data-section-id=\"ulglq6\" data-start=\"3303\" data-end=\"3333\">Aplici imediat \u00een via\u021ba ta<\/li>\n<li data-section-id=\"1nud51o\" data-start=\"3334\" data-end=\"3370\">\u00ce\u021bi cre\u0219ti energia \u0219i echilibrul<\/li>\n<li data-section-id=\"1p4fefq\" data-start=\"3371\" data-end=\"3401\">Reduci stresul \u0219i oboseala<\/li>\n<li data-section-id=\"lhic3f\" data-start=\"3402\" data-end=\"3436\">Ai acces direct la speciali\u0219ti<\/li>\n<li data-section-id=\"1dpnn68\" data-start=\"3437\" data-end=\"3481\">Construie\u0219ti un stil de via\u021b\u0103 sustenabil<\/li>\n<\/ul>\n<p data-start=\"1817\" data-end=\"1858\">\ud83d\udcc5 18\u201319 aprilie 2026<br data-start=\"1838\" data-end=\"1841\" \/>\ud83d\udccd Nice, Fran\u021ba<\/p>\n<h2 data-section-id=\"1hryhf7\" data-start=\"3655\" data-end=\"3661\">V\u0103 r\u0103spund la +33759038382 (telefon&amp;whatsapp):<\/h2>\n<p data-start=\"3663\" data-end=\"3728\"><strong data-start=\"3663\" data-end=\"3691\">Pot participa doar o zi?<\/strong><br data-start=\"3691\" data-end=\"3694\" \/>Da, po\u021bi alege oricare zi separat.<\/p>\n<p data-start=\"3730\" data-end=\"3820\"><strong data-start=\"3730\" data-end=\"3767\">Trebuie experien\u021b\u0103 pentru ziua 2?<\/strong><br data-start=\"3767\" data-end=\"3770\" \/>Nu, exerci\u021biile sunt adaptate tuturor nivelurilor.<\/p>\n<p data-start=\"3822\" data-end=\"3941\"><strong data-start=\"3822\" data-end=\"3870\">Este evenimentul potrivit pentru \u00eencep\u0103tori?<\/strong><br data-start=\"3870\" data-end=\"3873\" \/>Da, este conceput at\u00e2t pentru \u00eencep\u0103tori c\u00e2t \u0219i pentru cei avansa\u021bi.<\/p>\n<p data-start=\"1860\" data-end=\"1904\"><strong>Nu e despre ani. E despre cum \u00eei tr\u0103ie\u0219ti.<\/strong><\/p>\n<p data-start=\"1906\" data-end=\"2057\">Te a\u0219tept\u0103m la un eveniment unic, unde vei descoperi cum s\u0103 ai mai mult\u0103 energie, echilibru \u0219i s\u0103n\u0103tate \u2014 prin informa\u021bii corecte \u0219i experien\u021b\u0103 direct\u0103.<\/p>\n<p>&nbsp;<\/p>\n<p>&nbsp;<\/p>\n\n\n<figure class=\"wp-block-image size-full\"><img loading=\"lazy\" decoding=\"async\" width=\"480\" height=\"720\" src=\"https:\/\/chicioreanu.ro\/wp-content\/uploads\/2026\/04\/Slide1-1.png\" alt=\"\" class=\"wp-image-396\" srcset=\"https:\/\/chicioreanu.ro\/wp-content\/uploads\/2026\/04\/Slide1-1.png 480w, https:\/\/chicioreanu.ro\/wp-content\/uploads\/2026\/04\/Slide1-1-200x300.png 200w\" sizes=\"auto, (max-width: 480px) 100vw, 480px\" \/><\/figure>\n\n\n\n<figure class=\"wp-block-image size-full\"><img loading=\"lazy\" decoding=\"async\" width=\"480\" height=\"720\" src=\"https:\/\/chicioreanu.ro\/wp-content\/uploads\/2026\/04\/Slide2.png\" alt=\"\" class=\"wp-image-397\" srcset=\"https:\/\/chicioreanu.ro\/wp-content\/uploads\/2026\/04\/Slide2.png 480w, https:\/\/chicioreanu.ro\/wp-content\/uploads\/2026\/04\/Slide2-200x300.png 200w\" sizes=\"auto, (max-width: 480px) 100vw, 480px\" \/><\/figure>\n\n\n\n<figure class=\"wp-block-image size-full\"><img loading=\"lazy\" decoding=\"async\" width=\"480\" height=\"720\" src=\"https:\/\/chicioreanu.ro\/wp-content\/uploads\/2026\/04\/Slide3.png\" alt=\"\" class=\"wp-image-398\" srcset=\"https:\/\/chicioreanu.ro\/wp-content\/uploads\/2026\/04\/Slide3.png 480w, https:\/\/chicioreanu.ro\/wp-content\/uploads\/2026\/04\/Slide3-200x300.png 200w\" sizes=\"auto, (max-width: 480px) 100vw, 480px\" \/><\/figure>\n","protected":false},"excerpt":{"rendered":"<p>Dou\u0103 zile pentru o via\u021b\u0103 mai lung\u0103 \u0219i mai bun\u0103 Nu e despre ani. E despre cum \u00eei tr\u0103ie\u0219ti. Ai grij\u0103 de tine azi, ca s\u0103-\u021bi mul\u021bume\u0219ti m\u00e2ine. Fiecare zi poate fi \u00eenceputul unei s\u0103n\u0103t\u0103\u021bi mai bune. Tr\u0103ie\u0219te con\u0219tient. \u00cemb\u0103tr\u00e2ne\u0219te frumos. Corpul t\u0103u \u00ee\u021bi spune povestea. Scrie una mai bun\u0103. Tot citim astfel de sloganuri &hellip; <\/p>\n<p class=\"link-more\"><a href=\"https:\/\/chicioreanu.ro\/index.php\/anti-aging-experience\/\" class=\"more-link\">Continu\u0103 lectura<span class=\"screen-reader-text\"> \u201eAnti Aging Experience\u201d<\/span><\/a><\/p>\n","protected":false},"author":1,"featured_media":0,"parent":0,"menu_order":0,"comment_status":"closed","ping_status":"closed","template":"","meta":{"footnotes":""},"class_list":["post-390","page","type-page","status-publish","hentry"],"_links":{"self":[{"href":"https:\/\/chicioreanu.ro\/index.php\/wp-json\/wp\/v2\/pages\/390","targetHints":{"allow":["GET"]}}],"collection":[{"href":"https:\/\/chicioreanu.ro\/index.php\/wp-json\/wp\/v2\/pages"}],"about":[{"href":"https:\/\/chicioreanu.ro\/index.php\/wp-json\/wp\/v2\/types\/page"}],"author":[{"embeddable":true,"href":"https:\/\/chicioreanu.ro\/index.php\/wp-json\/wp\/v2\/users\/1"}],"replies":[{"embeddable":true,"href":"https:\/\/chicioreanu.ro\/index.php\/wp-json\/wp\/v2\/comments?post=390"}],"version-history":[{"count":15,"href":"https:\/\/chicioreanu.ro\/index.php\/wp-json\/wp\/v2\/pages\/390\/revisions"}],"predecessor-version":[{"id":412,"href":"https:\/\/chicioreanu.ro\/index.php\/wp-json\/wp\/v2\/pages\/390\/revisions\/412"}],"wp:attachment":[{"href":"https:\/\/chicioreanu.ro\/index.php\/wp-json\/wp\/v2\/media?parent=390"}],"curies":[{"name":"wp","href":"https:\/\/api.w.org\/{rel}","templated":true}]}}