{"id":413,"date":"2026-04-02T10:05:17","date_gmt":"2026-04-02T08:05:17","guid":{"rendered":"https:\/\/chicioreanu.ro\/?page_id=413"},"modified":"2026-04-02T12:43:24","modified_gmt":"2026-04-02T10:43:24","slug":"everything-hr-by-great-people-inside","status":"publish","type":"page","link":"https:\/\/chicioreanu.ro\/index.php\/everything-hr-by-great-people-inside\/","title":{"rendered":"Everything HR by Great People Inside"},"content":{"rendered":"\n<figure class=\"wp-block-image size-large\"><img loading=\"lazy\" decoding=\"async\" width=\"1024\" height=\"593\" src=\"https:\/\/chicioreanu.ro\/wp-content\/uploads\/2026\/04\/GPI2026-1024x593.jpeg\" alt=\"\" class=\"wp-image-417\" srcset=\"https:\/\/chicioreanu.ro\/wp-content\/uploads\/2026\/04\/GPI2026-1024x593.jpeg 1024w, https:\/\/chicioreanu.ro\/wp-content\/uploads\/2026\/04\/GPI2026-300x174.jpeg 300w, https:\/\/chicioreanu.ro\/wp-content\/uploads\/2026\/04\/GPI2026-768x445.jpeg 768w, https:\/\/chicioreanu.ro\/wp-content\/uploads\/2026\/04\/GPI2026.jpeg 1265w\" sizes=\"auto, (max-width: 767px) 89vw, (max-width: 1000px) 54vw, (max-width: 1071px) 543px, 580px\" \/><\/figure>\n\n\n\n<p><strong>Unul dintre cele mai prestigioase evenimente HR din Europa Central\u0103 \u0219i de Est, Everything HR by Great People Inside, s\u0103rb\u0103tore\u0219te 20 de ani de impact \u0219i transformare: 27-28 mai 2026, Bra\u0219ov<\/strong><\/p>\n\n\n\n<p>\u00cen perioada 27\u201328 mai 2026, Bra\u0219ovul g\u0103zduie\u0219te cea de-a 20-a edi\u021bie a Everything HR by Great People Inside \u2013 unul dintre cele mai prestigioase evenimente dedicate profesioni\u0219tilor \u00een resurse umane, leadership, management, marketing \u0219i antreprenoriat din Rom\u00e2nia \u0219i din \u00eentreaga lume.<br>Edi\u021bia aniversar\u0103 promite s\u0103 fie mai mult dec\u00e2t o conferin\u021b\u0103: o experien\u021b\u0103 transforma\u021bional\u0103, unde ideile devin strategii, iar conexiunile genereaz\u0103 impact real \u00een organiza\u021bii.<br><\/p>\n\n\n\n<p>20 de ani de impact \u00een HR \u0219i leadership<br>Lansat\u0103 \u00een 2006, Everything HR a evoluat de la un eveniment local la un reper interna\u021bional \u00een domeniul resurselor umane. \u00cen dou\u0103 decenii, conferin\u021ba a construit o comunitate solid\u0103 de lideri \u0219i profesioni\u0219ti dedica\u021bi dezvolt\u0103rii oamenilor \u0219i performan\u021bei organiza\u021bionale.<br>\u201eTransformarea businessului \u00eencepe cu transformarea personal\u0103. \u00cen to\u021bi ace\u0219ti ani, conferin\u021bele Great People Inside au fost despre oameni, inspira\u021bie \u0219i conexiune autentic\u0103. Este o bucurie s\u0103 s\u0103rb\u0103torim \u00eempreun\u0103 20 de ani de excelen\u021b\u0103 \u0219i inova\u021bie.\u201d<br>\u2014 Doru Dima, CEO Great People Inside<br><\/p>\n\n\n\n<p>Dou\u0103 zile de con\u021binut relevant \u0219i networking de calitate<br>Everything HR 2026 ofer\u0103 un mix echilibrat \u00eentre \u00eenv\u0103\u021bare practic\u0103 \u0219i oportunit\u0103\u021bi reale de conectare:<br>\u2022 Prezent\u0103ri sus\u021binute de exper\u021bi interna\u021bionali \u0219i locali de top<br>\u2022 Paneluri interactive bazate pe studii de caz reale<br>\u2022 Networking valoros cu profesioni\u0219ti din Rom\u00e2nia \u0219i din str\u0103in\u0103tate<br>\u2022 Insight-uri aplicabile pentru viitorul muncii \u0219i performan\u021ba organiza\u021bional\u0103<br>Evenimentul este conceput pentru a r\u0103spunde provoc\u0103rilor actuale ale mediului de business, de la digitalizare \u0219i inteligen\u021b\u0103 artificial\u0103 p\u00e2n\u0103 la cultura organiza\u021bional\u0103 \u0219i wellbeing.<br><\/p>\n\n\n\n<p>Speakeri interna\u021bionali \u0219i na\u021bionali<br>Edi\u021bia din 2026 va reuni o serie impresionant\u0103 de exper\u021bi interna\u021bionali \u0219i na\u021bionali:<br>\u2022 David Parmenter, autorul volumului Key Performance Indicators<br>\u2022 Deiric McCann, specialist \u00een inteligen\u021b\u0103 emo\u021bional\u0103 \u0219i siguran\u021b\u0103 psihologic\u0103<br>\u2022 Suzanne Lucas, cunoscut\u0103 la nivel mondial drept Evil HR Lady<br>\u2022 Enrico Banchi, executive &amp; public speaking coach<br>\u2022 Katrina Collier, autoare \u0219i facilitator interna\u021bional<br>\u2022 Bryan Peereboom, fondator al Nationale Academie voor AI<br>\u2022 Drago\u0219 Iliescu, profesor la Universitatea din Bucure\u0219ti \u0219i CEO al BRIO<br>\u2022 Emilia Stroe, HR Director Sphera Franchise Group<br>\u2022 Desiree Diaconescu, HR Top Executive<br>\u2022 Mirela Stere, HR Director Macromex<br>\u2022 Ileana Alexandru, Vice President Resurse Umane Mega Image<br>\u2022 Adela Jansen Director independent neexecutiv \u00een mai multe consilii de administra\u021bie, Trusted Advisor, PhD Associate Professor, Angel Investor<br>\u2022 Paula Zaharia, Director Regional HR pentru EMEA &amp; Director de Resurse Umane Rom\u00e2nia, Stabilus<br><\/p>\n\n\n\n<p>Ace\u0219tia vor aduce perspective relevante, studii de caz \u0219i solu\u021bii concrete pentru organiza\u021biile care \u00ee\u0219i propun s\u0103 performeze \u00eentr-un context global \u00een continu\u0103 schimbare.<br>De ce s\u0103 participi?<br><\/p>\n\n\n\n<p>Organizatorii subliniaz\u0103 c\u0103 investi\u021bia \u00een oameni r\u0103m\u00e2ne cel mai important diferen\u021biator pentru orice companie. Participarea la Everything HR 2026 ofer\u0103:<br>\u2022 \u00cenv\u0103\u021bare aplicat\u0103 pentru echipele de HR \u0219i management<br>\u2022 Consolidarea culturii organiza\u021bionale<br>\u2022 Acces la cele mai noi tendin\u021be \u0219i strategii globale<br>\u2022 Oportunit\u0103\u021bi reale de colaborare \u0219i schimb de idei<br>\u201eEverything HR 2026 este locul unde ideile prind via\u021b\u0103, echipele se conecteaz\u0103 \u0219i inspira\u021bia devine strategie.\u201d<br><\/p>\n\n\n\n<p>Participare \u0219i \u00eenscrieri<br>Locurile pentru Everything HR 2026 sunt limitate, iar cererea este \u00een cre\u0219tere odat\u0103 cu apropierea evenimentului. Cei interesa\u021bi sunt \u00eencuraja\u021bi s\u0103 \u00ee\u0219i rezerve din timp participarea pentru a beneficia de \u00eentreaga experien\u021b\u0103 oferit\u0103 de edi\u021bia aniversar\u0103.<br>\ud83d\udd17 \u00censcrieri disponibile aici: <a href=\"https:\/\/everythinghr.live\/2026\/\" target=\"_blank\" rel=\"noreferrer noopener\">https:\/\/everythinghr.live\/2026\/<\/a><\/p>\n\n\n\n<figure class=\"wp-block-image size-full\"><img loading=\"lazy\" decoding=\"async\" width=\"1008\" height=\"349\" src=\"https:\/\/chicioreanu.ro\/wp-content\/uploads\/2026\/04\/EverythingHR2026.png\" alt=\"\" class=\"wp-image-419\" srcset=\"https:\/\/chicioreanu.ro\/wp-content\/uploads\/2026\/04\/EverythingHR2026.png 1008w, https:\/\/chicioreanu.ro\/wp-content\/uploads\/2026\/04\/EverythingHR2026-300x104.png 300w, https:\/\/chicioreanu.ro\/wp-content\/uploads\/2026\/04\/EverythingHR2026-768x266.png 768w\" sizes=\"auto, (max-width: 767px) 89vw, (max-width: 1000px) 54vw, (max-width: 1071px) 543px, 580px\" \/><\/figure>\n","protected":false},"excerpt":{"rendered":"<p>Unul dintre cele mai prestigioase evenimente HR din Europa Central\u0103 \u0219i de Est, Everything HR by Great People Inside, s\u0103rb\u0103tore\u0219te 20 de ani de impact \u0219i transformare: 27-28 mai 2026, Bra\u0219ov \u00cen perioada 27\u201328 mai 2026, Bra\u0219ovul g\u0103zduie\u0219te cea de-a 20-a edi\u021bie a Everything HR by Great People Inside \u2013 unul dintre cele mai prestigioase &hellip; <\/p>\n<p class=\"link-more\"><a href=\"https:\/\/chicioreanu.ro\/index.php\/everything-hr-by-great-people-inside\/\" class=\"more-link\">Continu\u0103 lectura<span class=\"screen-reader-text\"> \u201eEverything HR by Great People Inside\u201d<\/span><\/a><\/p>\n","protected":false},"author":1,"featured_media":0,"parent":0,"menu_order":0,"comment_status":"closed","ping_status":"closed","template":"","meta":{"footnotes":""},"class_list":["post-413","page","type-page","status-publish","hentry"],"_links":{"self":[{"href":"https:\/\/chicioreanu.ro\/index.php\/wp-json\/wp\/v2\/pages\/413","targetHints":{"allow":["GET"]}}],"collection":[{"href":"https:\/\/chicioreanu.ro\/index.php\/wp-json\/wp\/v2\/pages"}],"about":[{"href":"https:\/\/chicioreanu.ro\/index.php\/wp-json\/wp\/v2\/types\/page"}],"author":[{"embeddable":true,"href":"https:\/\/chicioreanu.ro\/index.php\/wp-json\/wp\/v2\/users\/1"}],"replies":[{"embeddable":true,"href":"https:\/\/chicioreanu.ro\/index.php\/wp-json\/wp\/v2\/comments?post=413"}],"version-history":[{"count":3,"href":"https:\/\/chicioreanu.ro\/index.php\/wp-json\/wp\/v2\/pages\/413\/revisions"}],"predecessor-version":[{"id":420,"href":"https:\/\/chicioreanu.ro\/index.php\/wp-json\/wp\/v2\/pages\/413\/revisions\/420"}],"wp:attachment":[{"href":"https:\/\/chicioreanu.ro\/index.php\/wp-json\/wp\/v2\/media?parent=413"}],"curies":[{"name":"wp","href":"https:\/\/api.w.org\/{rel}","templated":true}]}}