{"id":7,"date":"2021-04-26T13:45:54","date_gmt":"2021-04-26T11:45:54","guid":{"rendered":"https:\/\/chicioreanu.ro\/?page_id=7"},"modified":"2025-01-21T01:04:26","modified_gmt":"2025-01-20T23:04:26","slug":"about","status":"publish","type":"page","link":"https:\/\/chicioreanu.ro\/index.php\/about\/","title":{"rendered":"Expertiz\u0103"},"content":{"rendered":"\n<p><\/p>\n\n\n\n<p>Mentor \u0219i investitor \u00een oameni | Trainer corporativ | Vorbitor la evenimente globale | Fondator &amp; Pre\u0219edinte la 4CAREER | Fondator \u0219i CEO LEARN&amp;GO<\/p>\n\n\n\n<p>Am o experien\u021b\u0103 de peste 18 ani \u00een formarea \u0219i dezvoltarea echipelor de consultan\u021b\u0103 \u0219i v\u00e2nz\u0103ri. Sunt Trainer, Supervizor \u0219i Consultant \u00een Carier\u0103, certificat <a href=\"http:\/\/www.hart.ro\/ro\/instrumente\/evaluarea-personalitatii\/\" target=\"_blank\" rel=\"noreferrer noopener\">HOGAN Assessment<\/a> (HPI, HDS si MVPI) prin HART Consulting, <a href=\"https:\/\/via-consiliere.ro\/\" target=\"_blank\" rel=\"noreferrer noopener\">VIA-Consiliere<\/a> \u0219i dimensiuni <a href=\"https:\/\/greatpeopleinside.com\/ro\/\" data-type=\"URL\" data-id=\"https:\/\/greatpeopleinside.com\/ro\/\" target=\"_blank\" rel=\"noreferrer noopener\">Great People Inside<\/a> (avizate de c\u0103tre Colegiul Psihologilor din Rom\u00e2nia).<br><br>Specializ\u0103ri:<br>\u2013 Mentorat<br>\u2013 Consiliere \u00een carier\u0103 \u0219i orientare voca\u021bional\u0103<br>\u2013 Managementul talentelor<br>\u2013 Comunicare nonverbal\u0103<br>\u2013 Training<br>\u2013 Team Building<\/p>\n\n\n\n<p>Experien\u021b\u0103 profesional\u0103:<br>\u2192 Fondator <strong><a href=\"https:\/\/www.4career.ro\/\" target=\"_blank\" rel=\"noreferrer noopener\">4CAREER<\/a><\/strong>, JOBS4CAREER, STUDY4CAREER \u0219i WOMEN4CAREER<br>\u2192 Speaker la evenimente na\u021bionale \u0219i interna\u021bionale (Fran\u021ba, Germania, Italia, Cehia, Ungaria)<br>\u2192 Autor al bro\u0219urii \u201e<a href=\"https:\/\/chicioreanu.ro\/wp-content\/uploads\/2021\/04\/Ghid-Succesul-in-Angajare-2021.pdf\" target=\"_blank\" rel=\"noreferrer noopener\">Succesul \u00een angajare \u2013 de la scrisoarea de intentie la interviu<\/a>\u201d<br>\u2192 Antreprenor \u00een serie.<\/p>\n","protected":false},"excerpt":{"rendered":"<p>Mentor \u0219i investitor \u00een oameni | Trainer corporativ | Vorbitor la evenimente globale | Fondator &amp; Pre\u0219edinte la 4CAREER | Fondator \u0219i CEO LEARN&amp;GO Am o experien\u021b\u0103 de peste 18 ani \u00een formarea \u0219i dezvoltarea echipelor de consultan\u021b\u0103 \u0219i v\u00e2nz\u0103ri. Sunt Trainer, Supervizor \u0219i Consultant \u00een Carier\u0103, certificat HOGAN Assessment (HPI, HDS si MVPI) prin &hellip; <\/p>\n<p class=\"link-more\"><a href=\"https:\/\/chicioreanu.ro\/index.php\/about\/\" class=\"more-link\">Continu\u0103 lectura<span class=\"screen-reader-text\"> \u201eExpertiz\u0103\u201d<\/span><\/a><\/p>\n","protected":false},"author":1,"featured_media":0,"parent":0,"menu_order":0,"comment_status":"closed","ping_status":"closed","template":"","meta":{"footnotes":""},"class_list":["post-7","page","type-page","status-publish","hentry"],"_links":{"self":[{"href":"https:\/\/chicioreanu.ro\/index.php\/wp-json\/wp\/v2\/pages\/7","targetHints":{"allow":["GET"]}}],"collection":[{"href":"https:\/\/chicioreanu.ro\/index.php\/wp-json\/wp\/v2\/pages"}],"about":[{"href":"https:\/\/chicioreanu.ro\/index.php\/wp-json\/wp\/v2\/types\/page"}],"author":[{"embeddable":true,"href":"https:\/\/chicioreanu.ro\/index.php\/wp-json\/wp\/v2\/users\/1"}],"replies":[{"embeddable":true,"href":"https:\/\/chicioreanu.ro\/index.php\/wp-json\/wp\/v2\/comments?post=7"}],"version-history":[{"count":12,"href":"https:\/\/chicioreanu.ro\/index.php\/wp-json\/wp\/v2\/pages\/7\/revisions"}],"predecessor-version":[{"id":355,"href":"https:\/\/chicioreanu.ro\/index.php\/wp-json\/wp\/v2\/pages\/7\/revisions\/355"}],"wp:attachment":[{"href":"https:\/\/chicioreanu.ro\/index.php\/wp-json\/wp\/v2\/media?parent=7"}],"curies":[{"name":"wp","href":"https:\/\/api.w.org\/{rel}","templated":true}]}}